{"id":180,"date":"2024-05-30T23:30:04","date_gmt":"2024-05-30T23:30:04","guid":{"rendered":"https:\/\/digitalprod.eu\/elecpor\/?page_id=180"},"modified":"2024-10-17T09:54:37","modified_gmt":"2024-10-17T09:54:37","slug":"publications","status":"publish","type":"page","link":"https:\/\/www.elecpor.pt\/en\/communication\/publications\/","title":{"rendered":"Publications"},"content":{"rendered":"","protected":false},"excerpt":{"rendered":"","protected":false},"author":1,"featured_media":0,"parent":168,"menu_order":0,"comment_status":"closed","ping_status":"closed","template":"tmp-publicacoes.php","meta":{"footnotes":""},"class_list":["post-180","page","type-page","status-publish","hentry"],"yoast_head":"<!-- This site is optimized with the Yoast SEO plugin v25.6 - https:\/\/yoast.com\/wordpress\/plugins\/seo\/ -->\n<title>Publications - ELECPOR | Associa\u00e7\u00e3o Portuguesa das Empresas do Sector El\u00e9ctrico | EN<\/title>\n<meta name=\"robots\" content=\"index, follow, max-snippet:-1, max-image-preview:large, max-video-preview:-1\" \/>\n<link rel=\"canonical\" href=\"https:\/\/www.elecpor.pt\/en\/communication\/publications\/\" \/>\n<meta property=\"og:locale\" content=\"pt_PT\" \/>\n<meta property=\"og:type\" content=\"article\" \/>\n<meta property=\"og:title\" content=\"Publications - ELECPOR | Associa\u00e7\u00e3o Portuguesa das Empresas do Sector El\u00e9ctrico | EN\" \/>\n<meta property=\"og:url\" content=\"https:\/\/www.elecpor.pt\/en\/communication\/publications\/\" \/>\n<meta property=\"og:site_name\" content=\"ELECPOR | Associa\u00e7\u00e3o Portuguesa das Empresas do Sector El\u00e9ctrico | EN\" \/>\n<meta property=\"article:modified_time\" content=\"2024-10-17T09:54:37+00:00\" \/>\n<meta name=\"twitter:card\" content=\"summary_large_image\" \/>\n<script type=\"application\/ld+json\" class=\"yoast-schema-graph\">{\"@context\":\"https:\/\/schema.org\",\"@graph\":[{\"@type\":\"WebPage\",\"@id\":\"https:\/\/www.elecpor.pt\/en\/communication\/publications\/\",\"url\":\"https:\/\/www.elecpor.pt\/en\/communication\/publications\/\",\"name\":\"Publications - ELECPOR | Associa\u00e7\u00e3o Portuguesa das Empresas do Sector El\u00e9ctrico | EN\",\"isPartOf\":{\"@id\":\"https:\/\/www.elecpor.pt\/en\/#website\"},\"datePublished\":\"2024-05-30T23:30:04+00:00\",\"dateModified\":\"2024-10-17T09:54:37+00:00\",\"breadcrumb\":{\"@id\":\"https:\/\/www.elecpor.pt\/en\/communication\/publications\/#breadcrumb\"},\"inLanguage\":\"pt-PT\",\"potentialAction\":[{\"@type\":\"ReadAction\",\"target\":[\"https:\/\/www.elecpor.pt\/en\/communication\/publications\/\"]}]},{\"@type\":\"BreadcrumbList\",\"@id\":\"https:\/\/www.elecpor.pt\/en\/communication\/publications\/#breadcrumb\",\"itemListElement\":[{\"@type\":\"ListItem\",\"position\":1,\"name\":\"In\u00edcio\",\"item\":\"https:\/\/www.elecpor.pt\/en\/\"},{\"@type\":\"ListItem\",\"position\":2,\"name\":\"Communication\",\"item\":\"https:\/\/www.elecpor.pt\/en\/communication\/\"},{\"@type\":\"ListItem\",\"position\":3,\"name\":\"Publications\"}]},{\"@type\":\"WebSite\",\"@id\":\"https:\/\/www.elecpor.pt\/en\/#website\",\"url\":\"https:\/\/www.elecpor.pt\/en\/\",\"name\":\"ELECPOR | Associa\u00e7\u00e3o Portuguesa das Empresas do Sector El\u00e9ctrico | EN\",\"description\":\"Na ELECPOR, estamos empenhados em ser uma voz ativa e representativa do setor el\u00e9trico nacional, pretendendo ser uma refer\u00eancia na promo\u00e7\u00e3o da eletrifica\u00e7\u00e3o, liderando a transi\u00e7\u00e3o energ\u00e9tica em dire\u00e7\u00e3o a um futuro sustent\u00e1vel, inovador e inclusivo.\",\"potentialAction\":[{\"@type\":\"SearchAction\",\"target\":{\"@type\":\"EntryPoint\",\"urlTemplate\":\"https:\/\/www.elecpor.pt\/en\/?s={search_term_string}\"},\"query-input\":{\"@type\":\"PropertyValueSpecification\",\"valueRequired\":true,\"valueName\":\"search_term_string\"}}],\"inLanguage\":\"pt-PT\"}]}<\/script>\n<!-- \/ Yoast SEO plugin. -->","yoast_head_json":{"title":"Publications - ELECPOR | Associa\u00e7\u00e3o Portuguesa das Empresas do Sector El\u00e9ctrico | EN","robots":{"index":"index","follow":"follow","max-snippet":"max-snippet:-1","max-image-preview":"max-image-preview:large","max-video-preview":"max-video-preview:-1"},"canonical":"https:\/\/www.elecpor.pt\/en\/communication\/publications\/","og_locale":"pt_PT","og_type":"article","og_title":"Publications - ELECPOR | Associa\u00e7\u00e3o Portuguesa das Empresas do Sector El\u00e9ctrico | EN","og_url":"https:\/\/www.elecpor.pt\/en\/communication\/publications\/","og_site_name":"ELECPOR | Associa\u00e7\u00e3o Portuguesa das Empresas do Sector El\u00e9ctrico | EN","article_modified_time":"2024-10-17T09:54:37+00:00","twitter_card":"summary_large_image","schema":{"@context":"https:\/\/schema.org","@graph":[{"@type":"WebPage","@id":"https:\/\/www.elecpor.pt\/en\/communication\/publications\/","url":"https:\/\/www.elecpor.pt\/en\/communication\/publications\/","name":"Publications - ELECPOR | Associa\u00e7\u00e3o Portuguesa das Empresas do Sector El\u00e9ctrico | EN","isPartOf":{"@id":"https:\/\/www.elecpor.pt\/en\/#website"},"datePublished":"2024-05-30T23:30:04+00:00","dateModified":"2024-10-17T09:54:37+00:00","breadcrumb":{"@id":"https:\/\/www.elecpor.pt\/en\/communication\/publications\/#breadcrumb"},"inLanguage":"pt-PT","potentialAction":[{"@type":"ReadAction","target":["https:\/\/www.elecpor.pt\/en\/communication\/publications\/"]}]},{"@type":"BreadcrumbList","@id":"https:\/\/www.elecpor.pt\/en\/communication\/publications\/#breadcrumb","itemListElement":[{"@type":"ListItem","position":1,"name":"In\u00edcio","item":"https:\/\/www.elecpor.pt\/en\/"},{"@type":"ListItem","position":2,"name":"Communication","item":"https:\/\/www.elecpor.pt\/en\/communication\/"},{"@type":"ListItem","position":3,"name":"Publications"}]},{"@type":"WebSite","@id":"https:\/\/www.elecpor.pt\/en\/#website","url":"https:\/\/www.elecpor.pt\/en\/","name":"ELECPOR | Associa\u00e7\u00e3o Portuguesa das Empresas do Sector El\u00e9ctrico | EN","description":"Na ELECPOR, estamos empenhados em ser uma voz ativa e representativa do setor el\u00e9trico nacional, pretendendo ser uma refer\u00eancia na promo\u00e7\u00e3o da eletrifica\u00e7\u00e3o, liderando a transi\u00e7\u00e3o energ\u00e9tica em dire\u00e7\u00e3o a um futuro sustent\u00e1vel, inovador e inclusivo.","potentialAction":[{"@type":"SearchAction","target":{"@type":"EntryPoint","urlTemplate":"https:\/\/www.elecpor.pt\/en\/?s={search_term_string}"},"query-input":{"@type":"PropertyValueSpecification","valueRequired":true,"valueName":"search_term_string"}}],"inLanguage":"pt-PT"}]}},"_links":{"self":[{"href":"https:\/\/www.elecpor.pt\/en\/wp-json\/wp\/v2\/pages\/180"}],"collection":[{"href":"https:\/\/www.elecpor.pt\/en\/wp-json\/wp\/v2\/pages"}],"about":[{"href":"https:\/\/www.elecpor.pt\/en\/wp-json\/wp\/v2\/types\/page"}],"author":[{"embeddable":true,"href":"https:\/\/www.elecpor.pt\/en\/wp-json\/wp\/v2\/users\/1"}],"replies":[{"embeddable":true,"href":"https:\/\/www.elecpor.pt\/en\/wp-json\/wp\/v2\/comments?post=180"}],"version-history":[{"count":3,"href":"https:\/\/www.elecpor.pt\/en\/wp-json\/wp\/v2\/pages\/180\/revisions"}],"predecessor-version":[{"id":2474,"href":"https:\/\/www.elecpor.pt\/en\/wp-json\/wp\/v2\/pages\/180\/revisions\/2474"}],"up":[{"embeddable":true,"href":"https:\/\/www.elecpor.pt\/en\/wp-json\/wp\/v2\/pages\/168"}],"wp:attachment":[{"href":"https:\/\/www.elecpor.pt\/en\/wp-json\/wp\/v2\/media?parent=180"}],"curies":[{"name":"wp","href":"https:\/\/api.w.org\/{rel}","templated":true}]}}